{"id":92,"date":"2025-05-21T16:57:09","date_gmt":"2025-05-21T14:57:09","guid":{"rendered":"http:\/\/localhost\/solidarnosc\/index.php\/zapisz-sie\/"},"modified":"2025-06-02T23:16:43","modified_gmt":"2025-06-02T21:16:43","slug":"zapisz-sie","status":"publish","type":"page","link":"https:\/\/solidarnoscarimr.pl\/index.php\/zapisz-sie\/","title":{"rendered":"Zapisz si\u0119"},"content":{"rendered":"\n<hr class=\"wp-block-separator has-alpha-channel-opacity\"\/>\n\n\n\n<h2 class=\"wp-block-heading\">\u270d\ufe0f Zapisz si\u0119 do NSZZ \u201eSolidarno\u015b\u0107\u201d Pracownik\u00f3w ARiMR<\/h2>\n\n\n\n<p>Chcesz mie\u0107 realny wp\u0142yw na swoj\u0105 prac\u0119?<br>Masz do\u015b\u0107 niesprawiedliwo\u015bci, presji i braku poszanowania Twoich praw?<br><strong>Do\u0142\u0105cz do zwi\u0105zku zawodowego, kt\u00f3ry naprawd\u0119 dzia\u0142a!<\/strong><\/p>\n\n\n\n<hr class=\"wp-block-separator has-alpha-channel-opacity\"\/>\n\n\n\n<h3 class=\"wp-block-heading\">\ud83d\udcaa Dlaczego warto?<\/h3>\n\n\n\n<p>NSZZ \u201eSolidarno\u015b\u0107\u201d Pracownik\u00f3w ARiMR to organizacja, kt\u00f3ra ka\u017cdego dnia wspiera pracownik\u00f3w w walce o:<\/p>\n\n\n\n<ul class=\"wp-block-list\">\n<li>godne warunki pracy,<\/li>\n\n\n\n<li>r\u00f3wne traktowanie,<\/li>\n\n\n\n<li>transparentno\u015b\u0107 w przyznawaniu nagr\u00f3d i awans\u00f3w,<\/li>\n\n\n\n<li>prawo do odpoczynku i godno\u015bci.<\/li>\n<\/ul>\n\n\n\n<p>Dzi\u0119ki przynale\u017cno\u015bci do zwi\u0105zku masz <strong>prawo g\u0142osu<\/strong>, <strong>dost\u0119p do wsparcia prawnego<\/strong>, a tak\u017ce <strong>si\u0142\u0119 wsp\u00f3lnoty<\/strong>, kt\u00f3ra nie pozwoli, by\u015b zosta\u0142 sam z problemem.<\/p>\n\n\n\n<hr class=\"wp-block-separator has-alpha-channel-opacity\"\/>\n\n\n\n<h3 class=\"wp-block-heading\">\ud83d\udcc4 Jak si\u0119 zapisa\u0107?<\/h3>\n\n\n\n<p>To proste!<br>Pobierz i wype\u0142nij deklaracj\u0119 cz\u0142onkowsk\u0105:<\/p>\n\n\n\n<p>\ud83d\udce5 <strong><a href=\"https:\/\/strona.testowa.kzsarimr.webd.pl\/index.php\/dokumenty-do-pobrania\/\">Pobierz deklaracj\u0119 cz\u0142onkowsk\u0105 w PDF<\/a><\/strong> <\/p>\n\n\n\n<p>\ud83d\udc49 <strong>Wype\u0142niony dokument przeka\u017c do najbli\u017cszego przedstawiciela zwi\u0105zku<\/strong> lub <strong>prze\u015blij skan na adres e-mail: <a>solidarnoscarimr@gmail.com<\/a><\/strong><br>\ud83d\udccc <strong>Aktualne dane kontaktowe przedstawicieli znajduj\u0105 si\u0119 na stronie:<\/strong><br><a class=\"\" href=\"https:\/\/strona.testowa.kzsarimr.webd.pl\/index.php\/struktura-organizacyjna\/wladze-organizacji-oddzialowych\/\"><strong>W\u0142adze Organizacji Oddzia\u0142owych<\/strong><\/a><\/p>\n\n\n\n<hr class=\"wp-block-separator has-alpha-channel-opacity\"\/>\n\n\n\n<h3 class=\"wp-block-heading\">\ud83d\udee1\ufe0f Gwarantujemy dyskrecj\u0119<\/h3>\n\n\n\n<p>Twoje dane s\u0105 przetwarzane zgodnie z przepisami o ochronie danych osobowych.<br>Cz\u0142onkostwo w zwi\u0105zku to Twoje prawo \u2013 a my zadbamy o to, aby by\u0142o ono respektowane!<\/p>\n\n\n\n<hr class=\"wp-block-separator has-alpha-channel-opacity\"\/>\n\n\n\n<h3 class=\"wp-block-heading\">\ud83e\udd1d Razem jeste\u015bmy silniejsi<\/h3>\n\n\n\n<p>Nie czekaj, a\u017c kto\u015b inny co\u015b zmieni.<br><strong>Zmie\u0144 to razem z nami.<\/strong><br><strong>Zapisz si\u0119 ju\u017c dzi\u015b i miej wp\u0142yw na swoj\u0105 przysz\u0142o\u015b\u0107 w ARiMR!<\/strong><\/p>\n","protected":false},"excerpt":{"rendered":"<p>\u270d\ufe0f Zapisz si\u0119 do NSZZ \u201eSolidarno\u015b\u0107\u201d Pracownik\u00f3w ARiMR Chcesz mie\u0107 realny wp\u0142yw na swoj\u0105 prac\u0119?Masz do\u015b\u0107 niesprawiedliwo\u015bci, presji i braku poszanowania Twoich praw?Do\u0142\u0105cz do zwi\u0105zku zawodowego, kt\u00f3ry naprawd\u0119 dzia\u0142a! \ud83d\udcaa Dlaczego warto? NSZZ \u201eSolidarno\u015b\u0107\u201d Pracownik\u00f3w ARiMR to organizacja, kt\u00f3ra ka\u017cdego dnia wspiera pracownik\u00f3w w walce o: Dzi\u0119ki przynale\u017cno\u015bci do zwi\u0105zku masz prawo g\u0142osu, dost\u0119p do wsparcia prawnego, a tak\u017ce si\u0142\u0119 &hellip; <\/p>\n","protected":false},"author":1,"featured_media":0,"parent":0,"menu_order":0,"comment_status":"closed","ping_status":"closed","template":"","meta":{"footnotes":""},"class_list":["post-92","page","type-page","status-publish","hentry"],"yoast_head":"<!-- This site is optimized with the Yoast SEO plugin v27.1.1 - https:\/\/yoast.com\/product\/yoast-seo-wordpress\/ -->\n<title>Zapisz si\u0119 - NSZZ &bdquo;Solidarno\u015b\u0107&rdquo; Pracownik&oacute;w ARiMR<\/title>\n<meta name=\"robots\" content=\"index, follow, max-snippet:-1, max-image-preview:large, max-video-preview:-1\" \/>\n<link rel=\"canonical\" href=\"https:\/\/solidarnoscarimr.pl\/index.php\/zapisz-sie\/\" \/>\n<meta property=\"og:locale\" content=\"pl_PL\" \/>\n<meta property=\"og:type\" content=\"article\" \/>\n<meta property=\"og:title\" content=\"Zapisz si\u0119 - NSZZ &bdquo;Solidarno\u015b\u0107&rdquo; Pracownik&oacute;w ARiMR\" \/>\n<meta property=\"og:description\" content=\"\u270d\ufe0f Zapisz si\u0119 do NSZZ \u201eSolidarno\u015b\u0107\u201d Pracownik\u00f3w ARiMR Chcesz mie\u0107 realny wp\u0142yw na swoj\u0105 prac\u0119?Masz do\u015b\u0107 niesprawiedliwo\u015bci, presji i braku poszanowania Twoich praw?Do\u0142\u0105cz do zwi\u0105zku zawodowego, kt\u00f3ry naprawd\u0119 dzia\u0142a! \ud83d\udcaa Dlaczego warto? NSZZ \u201eSolidarno\u015b\u0107\u201d Pracownik\u00f3w ARiMR to organizacja, kt\u00f3ra ka\u017cdego dnia wspiera pracownik\u00f3w w walce o: Dzi\u0119ki przynale\u017cno\u015bci do zwi\u0105zku masz prawo g\u0142osu, dost\u0119p do wsparcia prawnego, a tak\u017ce si\u0142\u0119 &hellip;\" \/>\n<meta property=\"og:url\" content=\"https:\/\/solidarnoscarimr.pl\/index.php\/zapisz-sie\/\" \/>\n<meta property=\"og:site_name\" content=\"NSZZ &bdquo;Solidarno\u015b\u0107&rdquo; Pracownik&oacute;w ARiMR\" \/>\n<meta property=\"article:publisher\" content=\"https:\/\/www.facebook.com\/solidarnosczakladowaarimr\" \/>\n<meta property=\"article:modified_time\" content=\"2025-06-02T21:16:43+00:00\" \/>\n<meta name=\"twitter:card\" content=\"summary_large_image\" \/>\n<meta name=\"twitter:site\" content=\"@SolidarnoscARMA\" \/>\n<meta name=\"twitter:label1\" content=\"Szacowany czas czytania\" \/>\n\t<meta name=\"twitter:data1\" content=\"1 minuta\" \/>\n<script type=\"application\/ld+json\" class=\"yoast-schema-graph\">{\"@context\":\"https:\/\/schema.org\",\"@graph\":[{\"@type\":\"WebPage\",\"@id\":\"https:\/\/solidarnoscarimr.pl\/index.php\/zapisz-sie\/\",\"url\":\"https:\/\/solidarnoscarimr.pl\/index.php\/zapisz-sie\/\",\"name\":\"Zapisz si\u0119 - NSZZ &bdquo;Solidarno\u015b\u0107&rdquo; Pracownik&oacute;w ARiMR\",\"isPartOf\":{\"@id\":\"https:\/\/solidarnoscarimr.pl\/#website\"},\"datePublished\":\"2025-05-21T14:57:09+00:00\",\"dateModified\":\"2025-06-02T21:16:43+00:00\",\"breadcrumb\":{\"@id\":\"https:\/\/solidarnoscarimr.pl\/index.php\/zapisz-sie\/#breadcrumb\"},\"inLanguage\":\"pl-PL\",\"potentialAction\":[{\"@type\":\"ReadAction\",\"target\":[\"https:\/\/solidarnoscarimr.pl\/index.php\/zapisz-sie\/\"]}]},{\"@type\":\"BreadcrumbList\",\"@id\":\"https:\/\/solidarnoscarimr.pl\/index.php\/zapisz-sie\/#breadcrumb\",\"itemListElement\":[{\"@type\":\"ListItem\",\"position\":1,\"name\":\"Strona g\u0142\u00f3wna\",\"item\":\"https:\/\/solidarnoscarimr.pl\/\"},{\"@type\":\"ListItem\",\"position\":2,\"name\":\"Zapisz si\u0119\"}]},{\"@type\":\"WebSite\",\"@id\":\"https:\/\/solidarnoscarimr.pl\/#website\",\"url\":\"https:\/\/solidarnoscarimr.pl\/\",\"name\":\"NSZZ \u201eSolidarno\u015b\u0107\u201d Pracownik\u00f3w ARiMR\",\"description\":\"Razem silniejsi &ndash; dla pracownik&oacute;w ARiMR\",\"publisher\":{\"@id\":\"https:\/\/solidarnoscarimr.pl\/#organization\"},\"potentialAction\":[{\"@type\":\"SearchAction\",\"target\":{\"@type\":\"EntryPoint\",\"urlTemplate\":\"https:\/\/solidarnoscarimr.pl\/?s={search_term_string}\"},\"query-input\":{\"@type\":\"PropertyValueSpecification\",\"valueRequired\":true,\"valueName\":\"search_term_string\"}}],\"inLanguage\":\"pl-PL\"},{\"@type\":\"Organization\",\"@id\":\"https:\/\/solidarnoscarimr.pl\/#organization\",\"name\":\"NSZZ \u201eSolidarno\u015b\u0107\u201d Pracownik\u00f3w ARiMR\",\"url\":\"https:\/\/solidarnoscarimr.pl\/\",\"logo\":{\"@type\":\"ImageObject\",\"inLanguage\":\"pl-PL\",\"@id\":\"https:\/\/solidarnoscarimr.pl\/#\/schema\/logo\/image\/\",\"url\":\"https:\/\/solidarnoscarimr.pl\/wp-content\/uploads\/2025\/05\/solidarnoscarimr_logo.webp\",\"contentUrl\":\"https:\/\/solidarnoscarimr.pl\/wp-content\/uploads\/2025\/05\/solidarnoscarimr_logo.webp\",\"width\":1536,\"height\":1024,\"caption\":\"NSZZ \u201eSolidarno\u015b\u0107\u201d Pracownik\u00f3w ARiMR\"},\"image\":{\"@id\":\"https:\/\/solidarnoscarimr.pl\/#\/schema\/logo\/image\/\"},\"sameAs\":[\"https:\/\/www.facebook.com\/solidarnosczakladowaarimr\",\"https:\/\/x.com\/SolidarnoscARMA\"]}]}<\/script>\n<!-- \/ Yoast SEO plugin. -->","yoast_head_json":{"title":"Zapisz si\u0119 - NSZZ &bdquo;Solidarno\u015b\u0107&rdquo; Pracownik&oacute;w ARiMR","robots":{"index":"index","follow":"follow","max-snippet":"max-snippet:-1","max-image-preview":"max-image-preview:large","max-video-preview":"max-video-preview:-1"},"canonical":"https:\/\/solidarnoscarimr.pl\/index.php\/zapisz-sie\/","og_locale":"pl_PL","og_type":"article","og_title":"Zapisz si\u0119 - NSZZ &bdquo;Solidarno\u015b\u0107&rdquo; Pracownik&oacute;w ARiMR","og_description":"\u270d\ufe0f Zapisz si\u0119 do NSZZ \u201eSolidarno\u015b\u0107\u201d Pracownik\u00f3w ARiMR Chcesz mie\u0107 realny wp\u0142yw na swoj\u0105 prac\u0119?Masz do\u015b\u0107 niesprawiedliwo\u015bci, presji i braku poszanowania Twoich praw?Do\u0142\u0105cz do zwi\u0105zku zawodowego, kt\u00f3ry naprawd\u0119 dzia\u0142a! \ud83d\udcaa Dlaczego warto? NSZZ \u201eSolidarno\u015b\u0107\u201d Pracownik\u00f3w ARiMR to organizacja, kt\u00f3ra ka\u017cdego dnia wspiera pracownik\u00f3w w walce o: Dzi\u0119ki przynale\u017cno\u015bci do zwi\u0105zku masz prawo g\u0142osu, dost\u0119p do wsparcia prawnego, a tak\u017ce si\u0142\u0119 &hellip;","og_url":"https:\/\/solidarnoscarimr.pl\/index.php\/zapisz-sie\/","og_site_name":"NSZZ &bdquo;Solidarno\u015b\u0107&rdquo; Pracownik&oacute;w ARiMR","article_publisher":"https:\/\/www.facebook.com\/solidarnosczakladowaarimr","article_modified_time":"2025-06-02T21:16:43+00:00","twitter_card":"summary_large_image","twitter_site":"@SolidarnoscARMA","twitter_misc":{"Szacowany czas czytania":"1 minuta"},"schema":{"@context":"https:\/\/schema.org","@graph":[{"@type":"WebPage","@id":"https:\/\/solidarnoscarimr.pl\/index.php\/zapisz-sie\/","url":"https:\/\/solidarnoscarimr.pl\/index.php\/zapisz-sie\/","name":"Zapisz si\u0119 - NSZZ &bdquo;Solidarno\u015b\u0107&rdquo; Pracownik&oacute;w ARiMR","isPartOf":{"@id":"https:\/\/solidarnoscarimr.pl\/#website"},"datePublished":"2025-05-21T14:57:09+00:00","dateModified":"2025-06-02T21:16:43+00:00","breadcrumb":{"@id":"https:\/\/solidarnoscarimr.pl\/index.php\/zapisz-sie\/#breadcrumb"},"inLanguage":"pl-PL","potentialAction":[{"@type":"ReadAction","target":["https:\/\/solidarnoscarimr.pl\/index.php\/zapisz-sie\/"]}]},{"@type":"BreadcrumbList","@id":"https:\/\/solidarnoscarimr.pl\/index.php\/zapisz-sie\/#breadcrumb","itemListElement":[{"@type":"ListItem","position":1,"name":"Strona g\u0142\u00f3wna","item":"https:\/\/solidarnoscarimr.pl\/"},{"@type":"ListItem","position":2,"name":"Zapisz si\u0119"}]},{"@type":"WebSite","@id":"https:\/\/solidarnoscarimr.pl\/#website","url":"https:\/\/solidarnoscarimr.pl\/","name":"NSZZ \u201eSolidarno\u015b\u0107\u201d Pracownik\u00f3w ARiMR","description":"Razem silniejsi &ndash; dla pracownik&oacute;w ARiMR","publisher":{"@id":"https:\/\/solidarnoscarimr.pl\/#organization"},"potentialAction":[{"@type":"SearchAction","target":{"@type":"EntryPoint","urlTemplate":"https:\/\/solidarnoscarimr.pl\/?s={search_term_string}"},"query-input":{"@type":"PropertyValueSpecification","valueRequired":true,"valueName":"search_term_string"}}],"inLanguage":"pl-PL"},{"@type":"Organization","@id":"https:\/\/solidarnoscarimr.pl\/#organization","name":"NSZZ \u201eSolidarno\u015b\u0107\u201d Pracownik\u00f3w ARiMR","url":"https:\/\/solidarnoscarimr.pl\/","logo":{"@type":"ImageObject","inLanguage":"pl-PL","@id":"https:\/\/solidarnoscarimr.pl\/#\/schema\/logo\/image\/","url":"https:\/\/solidarnoscarimr.pl\/wp-content\/uploads\/2025\/05\/solidarnoscarimr_logo.webp","contentUrl":"https:\/\/solidarnoscarimr.pl\/wp-content\/uploads\/2025\/05\/solidarnoscarimr_logo.webp","width":1536,"height":1024,"caption":"NSZZ \u201eSolidarno\u015b\u0107\u201d Pracownik\u00f3w ARiMR"},"image":{"@id":"https:\/\/solidarnoscarimr.pl\/#\/schema\/logo\/image\/"},"sameAs":["https:\/\/www.facebook.com\/solidarnosczakladowaarimr","https:\/\/x.com\/SolidarnoscARMA"]}]}},"_links":{"self":[{"href":"https:\/\/solidarnoscarimr.pl\/index.php\/wp-json\/wp\/v2\/pages\/92","targetHints":{"allow":["GET"]}}],"collection":[{"href":"https:\/\/solidarnoscarimr.pl\/index.php\/wp-json\/wp\/v2\/pages"}],"about":[{"href":"https:\/\/solidarnoscarimr.pl\/index.php\/wp-json\/wp\/v2\/types\/page"}],"author":[{"embeddable":true,"href":"https:\/\/solidarnoscarimr.pl\/index.php\/wp-json\/wp\/v2\/users\/1"}],"replies":[{"embeddable":true,"href":"https:\/\/solidarnoscarimr.pl\/index.php\/wp-json\/wp\/v2\/comments?post=92"}],"version-history":[{"count":2,"href":"https:\/\/solidarnoscarimr.pl\/index.php\/wp-json\/wp\/v2\/pages\/92\/revisions"}],"predecessor-version":[{"id":330,"href":"https:\/\/solidarnoscarimr.pl\/index.php\/wp-json\/wp\/v2\/pages\/92\/revisions\/330"}],"wp:attachment":[{"href":"https:\/\/solidarnoscarimr.pl\/index.php\/wp-json\/wp\/v2\/media?parent=92"}],"curies":[{"name":"wp","href":"https:\/\/api.w.org\/{rel}","templated":true}]}}